{"id":3289,"date":"2019-05-28T15:18:11","date_gmt":"2019-05-28T13:18:11","guid":{"rendered":"http:\/\/ke.localhost.it\/?page_id=3289"},"modified":"2023-08-09T14:18:44","modified_gmt":"2023-08-09T12:18:44","slug":"garten","status":"publish","type":"page","link":"https:\/\/www.keoutdoordesign.com\/de-de\/anwendungen\/garten\/","title":{"rendered":"Garten"},"content":{"rendered":"<p>Egal, ob kleine gr\u00fcne Oase in der Gro\u00dfstadt, Landhaus-Garten oder Villa mit weitl\u00e4ufigem Park, der Garten ist einer der wichtigsten Orte Ihres Zuhauses und <strong>transportiert Ihren Stil<\/strong> nach au\u00dfen. Mit einer <strong>Pergola<\/strong> <strong>oder einer schattenspendenden Markise k\u00f6nnen<\/strong> Sie Ihren Au\u00dfenbereich noch eleganter gestalten und Ihren Garten optimal nutzen.<\/p>\n<p>Sie fragen sich, wie auch Sie solch <strong>magische Orte f\u00fcr unvergessliche Momente<\/strong> erschaffen k\u00f6nnen? Gestalten Sie Ihre Au\u00dfenbereiche bedacht und klug. Unsere Pergolen, bioklimatische Lamellend\u00e4cher und Markisen helfen Ihnen bei der Kreation schattiger Ruhezonen.<\/p>\n<p>Mit unseren genau <strong>auf Ihre Bed\u00fcrfnisse und Ihren Garten zugeschnittenen Pergolen<\/strong> gewinnen Sie Pl\u00e4tze zum Entspannen im Freien. So k\u00f6nnen Sie den Lichteinfall ganz nach Ihren W\u00fcnschen gestalten: Das auf- oder zuklappbare Lamellendach bietet Ihnen je nach Jahres- und Tageszeit eine unterschiedliche Lichtintensit\u00e4t. Das Terrassen\u00fcberdachung ist wasserdicht und sch\u00fctzt Sie dank des widerstandsf\u00e4higen Daches mit verstellbaren Lamellen auch bei Regen und schlechtem Wetter.<\/p>\n","protected":false},"excerpt":{"rendered":"<p>Egal, ob kleine gr\u00fcne Oase in der Gro\u00dfstadt, Landhaus-Garten oder Villa mit weitl\u00e4ufigem Park, der Garten ist einer der wichtigsten&hellip;<\/p>\n","protected":false},"author":10608,"featured_media":2930,"parent":3287,"menu_order":7,"comment_status":"closed","ping_status":"closed","template":"page-templates\/environment.php","meta":{"_acf_changed":false,"footnotes":""},"class_list":["post-3289","page","type-page","status-publish","has-post-thumbnail","hentry"],"acf":[],"yoast_head":"<!-- This site is optimized with the Yoast SEO Premium plugin v20.12 (Yoast SEO v27.3) - https:\/\/yoast.com\/product\/yoast-seo-premium-wordpress\/ -->\n<title>Garten\u00fcberdachung - Gartenpergolen | KE Outdoor Design<\/title>\n<meta name=\"description\" content=\"Gartenpergolen, Gartenmarkisen, Sonnensegel: wir haben die ma\u00dfgeschneiderte L\u00f6sung f\u00fcr Ihre gew\u00fcnschte Garten\u00fcberdachung. Kontaktieren Sie uns!\" \/>\n<meta name=\"robots\" content=\"index, follow, max-snippet:-1, max-image-preview:large, max-video-preview:-1\" \/>\n<link rel=\"canonical\" href=\"https:\/\/www.keoutdoordesign.com\/de-de\/anwendungen\/garten\/\" \/>\n<meta property=\"og:locale\" content=\"de_DE\" \/>\n<meta property=\"og:type\" content=\"article\" \/>\n<meta property=\"og:title\" content=\"Garten\" \/>\n<meta property=\"og:description\" content=\"Gartenpergolen, Gartenmarkisen, Sonnensegel: wir haben die ma\u00dfgeschneiderte L\u00f6sung f\u00fcr Ihre gew\u00fcnschte Garten\u00fcberdachung. Kontaktieren Sie uns!\" \/>\n<meta property=\"og:url\" content=\"https:\/\/www.keoutdoordesign.com\/de-de\/anwendungen\/garten\/\" \/>\n<meta property=\"og:site_name\" content=\"KE Outdoor Design\" \/>\n<meta property=\"article:publisher\" content=\"https:\/\/www.facebook.com\/keoutdoordesign.us\" \/>\n<meta property=\"article:modified_time\" content=\"2023-08-09T12:18:44+00:00\" \/>\n<meta property=\"og:image\" content=\"https:\/\/www.keoutdoordesign.com\/wp-content\/uploads\/2019\/05\/ResLaives_KedryPrime_3.jpg\" \/>\n\t<meta property=\"og:image:width\" content=\"2048\" \/>\n\t<meta property=\"og:image:height\" content=\"1080\" \/>\n\t<meta property=\"og:image:type\" content=\"image\/jpeg\" \/>\n<meta name=\"twitter:card\" content=\"summary_large_image\" \/>\n<meta name=\"twitter:site\" content=\"@keoutdoordesign\" \/>\n<script type=\"application\/ld+json\" class=\"yoast-schema-graph\">{\"@context\":\"https:\\\/\\\/schema.org\",\"@graph\":[{\"@type\":\"WebPage\",\"@id\":\"https:\\\/\\\/www.keoutdoordesign.com\\\/de-de\\\/anwendungen\\\/garten\\\/\",\"url\":\"https:\\\/\\\/www.keoutdoordesign.com\\\/de-de\\\/anwendungen\\\/garten\\\/\",\"name\":\"Garten\u00fcberdachung - Gartenpergolen | KE Outdoor Design\",\"isPartOf\":{\"@id\":\"https:\\\/\\\/www.keoutdoordesign.com\\\/it-it\\\/#website\"},\"primaryImageOfPage\":{\"@id\":\"https:\\\/\\\/www.keoutdoordesign.com\\\/de-de\\\/anwendungen\\\/garten\\\/#primaryimage\"},\"image\":{\"@id\":\"https:\\\/\\\/www.keoutdoordesign.com\\\/de-de\\\/anwendungen\\\/garten\\\/#primaryimage\"},\"thumbnailUrl\":\"https:\\\/\\\/www.keoutdoordesign.com\\\/wp-content\\\/uploads\\\/2019\\\/05\\\/ResLaives_KedryPrime_3.jpg\",\"datePublished\":\"2019-05-28T13:18:11+00:00\",\"dateModified\":\"2023-08-09T12:18:44+00:00\",\"description\":\"Gartenpergolen, Gartenmarkisen, Sonnensegel: wir haben die ma\u00dfgeschneiderte L\u00f6sung f\u00fcr Ihre gew\u00fcnschte Garten\u00fcberdachung. Kontaktieren Sie uns!\",\"breadcrumb\":{\"@id\":\"https:\\\/\\\/www.keoutdoordesign.com\\\/de-de\\\/anwendungen\\\/garten\\\/#breadcrumb\"},\"inLanguage\":\"de\",\"potentialAction\":[{\"@type\":\"ReadAction\",\"target\":[\"https:\\\/\\\/www.keoutdoordesign.com\\\/de-de\\\/anwendungen\\\/garten\\\/\"]}]},{\"@type\":\"ImageObject\",\"inLanguage\":\"de\",\"@id\":\"https:\\\/\\\/www.keoutdoordesign.com\\\/de-de\\\/anwendungen\\\/garten\\\/#primaryimage\",\"url\":\"https:\\\/\\\/www.keoutdoordesign.com\\\/wp-content\\\/uploads\\\/2019\\\/05\\\/ResLaives_KedryPrime_3.jpg\",\"contentUrl\":\"https:\\\/\\\/www.keoutdoordesign.com\\\/wp-content\\\/uploads\\\/2019\\\/05\\\/ResLaives_KedryPrime_3.jpg\",\"width\":2048,\"height\":1080,\"caption\":\"protections-solaires-pour-jardin\"},{\"@type\":\"BreadcrumbList\",\"@id\":\"https:\\\/\\\/www.keoutdoordesign.com\\\/de-de\\\/anwendungen\\\/garten\\\/#breadcrumb\",\"itemListElement\":[{\"@type\":\"ListItem\",\"position\":1,\"name\":\"Home\",\"item\":\"https:\\\/\\\/www.keoutdoordesign.com\\\/de-de\\\/\"},{\"@type\":\"ListItem\",\"position\":2,\"name\":\"Anwendungen\",\"item\":\"https:\\\/\\\/www.keoutdoordesign.com\\\/de-de\\\/anwendungen\\\/\"},{\"@type\":\"ListItem\",\"position\":3,\"name\":\"Garten\"}]},{\"@type\":\"WebSite\",\"@id\":\"https:\\\/\\\/www.keoutdoordesign.com\\\/it-it\\\/#website\",\"url\":\"https:\\\/\\\/www.keoutdoordesign.com\\\/it-it\\\/\",\"name\":\"KE Outdoor Design\",\"description\":\"Un nuovo sito targato WordPress\",\"publisher\":{\"@id\":\"https:\\\/\\\/www.keoutdoordesign.com\\\/it-it\\\/#organization\"},\"potentialAction\":[{\"@type\":\"SearchAction\",\"target\":{\"@type\":\"EntryPoint\",\"urlTemplate\":\"https:\\\/\\\/www.keoutdoordesign.com\\\/it-it\\\/?s={search_term_string}\"},\"query-input\":{\"@type\":\"PropertyValueSpecification\",\"valueRequired\":true,\"valueName\":\"search_term_string\"}}],\"inLanguage\":\"de\"},{\"@type\":\"Organization\",\"@id\":\"https:\\\/\\\/www.keoutdoordesign.com\\\/it-it\\\/#organization\",\"name\":\"KE Outdoor Design\",\"url\":\"https:\\\/\\\/www.keoutdoordesign.com\\\/it-it\\\/\",\"logo\":{\"@type\":\"ImageObject\",\"inLanguage\":\"de\",\"@id\":\"https:\\\/\\\/www.keoutdoordesign.com\\\/it-it\\\/#\\\/schema\\\/logo\\\/image\\\/\",\"url\":\"https:\\\/\\\/www.keoutdoordesign.com\\\/wp-content\\\/uploads\\\/2020\\\/02\\\/KE-logo-Primary-e1591282842174.jpg\",\"contentUrl\":\"https:\\\/\\\/www.keoutdoordesign.com\\\/wp-content\\\/uploads\\\/2020\\\/02\\\/KE-logo-Primary-e1591282842174.jpg\",\"width\":500,\"height\":396,\"caption\":\"KE Outdoor Design\"},\"image\":{\"@id\":\"https:\\\/\\\/www.keoutdoordesign.com\\\/it-it\\\/#\\\/schema\\\/logo\\\/image\\\/\"},\"sameAs\":[\"https:\\\/\\\/www.facebook.com\\\/keoutdoordesign.us\",\"https:\\\/\\\/x.com\\\/keoutdoordesign\",\"https:\\\/\\\/www.facebook.com\\\/keoutdoordesign\",\"https:\\\/\\\/www.youtube.com\\\/channel\\\/UCSoMQryJpLqD53bAoZLg2Vg\",\"https:\\\/\\\/www.pinterest.it\\\/keoutdoordesign\\\/\",\"https:\\\/\\\/www.instagram.com\\\/keoutdoordesign\\\/\",\"https:\\\/\\\/www.linkedin.com\\\/company\\\/ke-outdoor-design\\\/\"]}]}<\/script>\n<!-- \/ Yoast SEO Premium plugin. -->","yoast_head_json":{"title":"Garten\u00fcberdachung - Gartenpergolen | KE Outdoor Design","description":"Gartenpergolen, Gartenmarkisen, Sonnensegel: wir haben die ma\u00dfgeschneiderte L\u00f6sung f\u00fcr Ihre gew\u00fcnschte Garten\u00fcberdachung. Kontaktieren Sie uns!","robots":{"index":"index","follow":"follow","max-snippet":"max-snippet:-1","max-image-preview":"max-image-preview:large","max-video-preview":"max-video-preview:-1"},"canonical":"https:\/\/www.keoutdoordesign.com\/de-de\/anwendungen\/garten\/","og_locale":"de_DE","og_type":"article","og_title":"Garten","og_description":"Gartenpergolen, Gartenmarkisen, Sonnensegel: wir haben die ma\u00dfgeschneiderte L\u00f6sung f\u00fcr Ihre gew\u00fcnschte Garten\u00fcberdachung. Kontaktieren Sie uns!","og_url":"https:\/\/www.keoutdoordesign.com\/de-de\/anwendungen\/garten\/","og_site_name":"KE Outdoor Design","article_publisher":"https:\/\/www.facebook.com\/keoutdoordesign.us","article_modified_time":"2023-08-09T12:18:44+00:00","og_image":[{"width":2048,"height":1080,"url":"https:\/\/www.keoutdoordesign.com\/wp-content\/uploads\/2019\/05\/ResLaives_KedryPrime_3.jpg","type":"image\/jpeg"}],"twitter_card":"summary_large_image","twitter_site":"@keoutdoordesign","schema":{"@context":"https:\/\/schema.org","@graph":[{"@type":"WebPage","@id":"https:\/\/www.keoutdoordesign.com\/de-de\/anwendungen\/garten\/","url":"https:\/\/www.keoutdoordesign.com\/de-de\/anwendungen\/garten\/","name":"Garten\u00fcberdachung - Gartenpergolen | KE Outdoor Design","isPartOf":{"@id":"https:\/\/www.keoutdoordesign.com\/it-it\/#website"},"primaryImageOfPage":{"@id":"https:\/\/www.keoutdoordesign.com\/de-de\/anwendungen\/garten\/#primaryimage"},"image":{"@id":"https:\/\/www.keoutdoordesign.com\/de-de\/anwendungen\/garten\/#primaryimage"},"thumbnailUrl":"https:\/\/www.keoutdoordesign.com\/wp-content\/uploads\/2019\/05\/ResLaives_KedryPrime_3.jpg","datePublished":"2019-05-28T13:18:11+00:00","dateModified":"2023-08-09T12:18:44+00:00","description":"Gartenpergolen, Gartenmarkisen, Sonnensegel: wir haben die ma\u00dfgeschneiderte L\u00f6sung f\u00fcr Ihre gew\u00fcnschte Garten\u00fcberdachung. Kontaktieren Sie uns!","breadcrumb":{"@id":"https:\/\/www.keoutdoordesign.com\/de-de\/anwendungen\/garten\/#breadcrumb"},"inLanguage":"de","potentialAction":[{"@type":"ReadAction","target":["https:\/\/www.keoutdoordesign.com\/de-de\/anwendungen\/garten\/"]}]},{"@type":"ImageObject","inLanguage":"de","@id":"https:\/\/www.keoutdoordesign.com\/de-de\/anwendungen\/garten\/#primaryimage","url":"https:\/\/www.keoutdoordesign.com\/wp-content\/uploads\/2019\/05\/ResLaives_KedryPrime_3.jpg","contentUrl":"https:\/\/www.keoutdoordesign.com\/wp-content\/uploads\/2019\/05\/ResLaives_KedryPrime_3.jpg","width":2048,"height":1080,"caption":"protections-solaires-pour-jardin"},{"@type":"BreadcrumbList","@id":"https:\/\/www.keoutdoordesign.com\/de-de\/anwendungen\/garten\/#breadcrumb","itemListElement":[{"@type":"ListItem","position":1,"name":"Home","item":"https:\/\/www.keoutdoordesign.com\/de-de\/"},{"@type":"ListItem","position":2,"name":"Anwendungen","item":"https:\/\/www.keoutdoordesign.com\/de-de\/anwendungen\/"},{"@type":"ListItem","position":3,"name":"Garten"}]},{"@type":"WebSite","@id":"https:\/\/www.keoutdoordesign.com\/it-it\/#website","url":"https:\/\/www.keoutdoordesign.com\/it-it\/","name":"KE Outdoor Design","description":"Un nuovo sito targato WordPress","publisher":{"@id":"https:\/\/www.keoutdoordesign.com\/it-it\/#organization"},"potentialAction":[{"@type":"SearchAction","target":{"@type":"EntryPoint","urlTemplate":"https:\/\/www.keoutdoordesign.com\/it-it\/?s={search_term_string}"},"query-input":{"@type":"PropertyValueSpecification","valueRequired":true,"valueName":"search_term_string"}}],"inLanguage":"de"},{"@type":"Organization","@id":"https:\/\/www.keoutdoordesign.com\/it-it\/#organization","name":"KE Outdoor Design","url":"https:\/\/www.keoutdoordesign.com\/it-it\/","logo":{"@type":"ImageObject","inLanguage":"de","@id":"https:\/\/www.keoutdoordesign.com\/it-it\/#\/schema\/logo\/image\/","url":"https:\/\/www.keoutdoordesign.com\/wp-content\/uploads\/2020\/02\/KE-logo-Primary-e1591282842174.jpg","contentUrl":"https:\/\/www.keoutdoordesign.com\/wp-content\/uploads\/2020\/02\/KE-logo-Primary-e1591282842174.jpg","width":500,"height":396,"caption":"KE Outdoor Design"},"image":{"@id":"https:\/\/www.keoutdoordesign.com\/it-it\/#\/schema\/logo\/image\/"},"sameAs":["https:\/\/www.facebook.com\/keoutdoordesign.us","https:\/\/x.com\/keoutdoordesign","https:\/\/www.facebook.com\/keoutdoordesign","https:\/\/www.youtube.com\/channel\/UCSoMQryJpLqD53bAoZLg2Vg","https:\/\/www.pinterest.it\/keoutdoordesign\/","https:\/\/www.instagram.com\/keoutdoordesign\/","https:\/\/www.linkedin.com\/company\/ke-outdoor-design\/"]}]}},"_links":{"self":[{"href":"https:\/\/www.keoutdoordesign.com\/de-de\/wp-json\/wp\/v2\/pages\/3289","targetHints":{"allow":["GET"]}}],"collection":[{"href":"https:\/\/www.keoutdoordesign.com\/de-de\/wp-json\/wp\/v2\/pages"}],"about":[{"href":"https:\/\/www.keoutdoordesign.com\/de-de\/wp-json\/wp\/v2\/types\/page"}],"author":[{"embeddable":true,"href":"https:\/\/www.keoutdoordesign.com\/de-de\/wp-json\/wp\/v2\/users\/10608"}],"replies":[{"embeddable":true,"href":"https:\/\/www.keoutdoordesign.com\/de-de\/wp-json\/wp\/v2\/comments?post=3289"}],"version-history":[{"count":6,"href":"https:\/\/www.keoutdoordesign.com\/de-de\/wp-json\/wp\/v2\/pages\/3289\/revisions"}],"predecessor-version":[{"id":28318,"href":"https:\/\/www.keoutdoordesign.com\/de-de\/wp-json\/wp\/v2\/pages\/3289\/revisions\/28318"}],"up":[{"embeddable":true,"href":"https:\/\/www.keoutdoordesign.com\/de-de\/wp-json\/wp\/v2\/pages\/3287"}],"wp:featuredmedia":[{"embeddable":true,"href":"https:\/\/www.keoutdoordesign.com\/de-de\/wp-json\/wp\/v2\/media\/2930"}],"wp:attachment":[{"href":"https:\/\/www.keoutdoordesign.com\/de-de\/wp-json\/wp\/v2\/media?parent=3289"}],"curies":[{"name":"wp","href":"https:\/\/api.w.org\/{rel}","templated":true}]}}