{"id":27295,"date":"2021-01-26T17:18:36","date_gmt":"2021-01-26T16:18:36","guid":{"rendered":"https:\/\/www.keoutdoordesign.com\/pergolen-gennius\/bioklimatische-lamellendacher\/kedry-skylife\/"},"modified":"2026-02-23T15:40:36","modified_gmt":"2026-02-23T14:40:36","slug":"kedry-skylife","status":"publish","type":"page","link":"https:\/\/www.keoutdoordesign.com\/de-de\/pergolen-gennius\/bioklimatische-lamellendaecher\/kedry-skylife\/","title":{"rendered":"Kedry Skylife"},"content":{"rendered":"<h2>Pergola mit Faltdach mit beweglichen Lamellen<\/h2>\n<p>Die Struktur kann mit verschiedenen Arten von senkrechten Elementen erg\u00e4nzt werden, einschlie\u00dflich der neuen <strong>Line Glass<\/strong>-Ganzglas-Schiebefenster, die aus einer Laufschienenprofilen und 10 mm ESG Verglasungen bestehen, die von Rollen getragen werden, die das Schiebesystem enthalten. Line Glass bietet die M\u00f6glichkeit, auch gro\u00dfe Ma\u00dfe zu erreichen (bis zu 7 m Breite und 3 m H\u00f6he).<\/p>\n<p>KEDRY SKYLIFE kann an den Seiten auch mit <strong>Vertika Prime<\/strong>, dem integrierten System aus seitlichen und frontalen Senkrechtmarkisen, geschlossen werden. Die Vielfalt der Stoffauswahl (transparent, filternd und abdunkelnd) erm\u00f6glicht den gew\u00fcnschten Grad der Abschirmung; beim Zufahren verschwindet die Vertika vollst\u00e4ndig im Inneren der Struktur.<\/p>\n<p>Aber das ist noch nicht alles, die Struktur kann auch im Inneren mit dekorativen Vorh\u00e4ngen bereichert werden, ein Hauch von Eleganz f\u00fcr all diejenigen, die eine raffinierte und wohnliche Umgebung schaffen wollen.<\/p>\n<p>In Bezug auf die Energieeinsparung kennt die bioklimatische KEDRY SKYLIFE keine Saisonalit\u00e4t: im Winter reduziert es den W\u00e4rmeverlust und erm\u00f6glicht eine bessere Kontrolle der Innentemperaturen; im Sommer minimiert es den Einfluss der Sonneneinstrahlung und hilft, die \u00dcberhitzung der R\u00e4ume zu reduzieren und den Einsatz von Klimaanlagen zu begrenzen.<\/p>\n<p>Die KEDRY SKYLIFE wurde strengen Tests unterzogen und hat die CE-Kennzeichnung erhalten, eine weitere Garantie f\u00fcr Qualit\u00e4t.<\/p>\n<p>Die neue bioklimatische Pergola von KE garantiert Widerstandsf\u00e4higkeit und hohe technische Leistung. Sie wurde entwickelt, um die Au\u00dfenbereiche Ihres Hauses oder Ihres Unternehmens mit einem Maximum an Innovation und \u00e4sthetischer Leistung zu erleben.<\/p>\n","protected":false},"excerpt":{"rendered":"<p>Pergola mit Faltdach mit beweglichen Lamellen Die Struktur kann mit verschiedenen Arten von senkrechten Elementen erg\u00e4nzt werden, einschlie\u00dflich der neuen&hellip;<\/p>\n","protected":false},"author":10608,"featured_media":113397,"parent":5004,"menu_order":0,"comment_status":"closed","ping_status":"closed","template":"page-templates\/product.php","meta":{"_acf_changed":false,"footnotes":""},"class_list":["post-27295","page","type-page","status-publish","has-post-thumbnail","hentry"],"acf":[],"yoast_head":"<!-- This site is optimized with the Yoast SEO Premium plugin v20.12 (Yoast SEO v27.0) - https:\/\/yoast.com\/product\/yoast-seo-premium-wordpress\/ -->\n<title>Bioklimatische Pergolen - Kedry Skylife | KE Outdoor Design<\/title>\n<meta name=\"description\" content=\"Das Faltdach unserer Pergola Kedry Skylife hat beweglichen Lamellen, die Licht und Bel\u00fcftung anpassen. Lassen Sie uns unsere Produkte vorstellen!\" \/>\n<meta name=\"robots\" content=\"index, follow, max-snippet:-1, max-image-preview:large, max-video-preview:-1\" \/>\n<link rel=\"canonical\" href=\"https:\/\/www.keoutdoordesign.com\/de-de\/pergolen-gennius\/bioklimatische-lamellendaecher\/kedry-skylife\/\" \/>\n<meta property=\"og:locale\" content=\"de_DE\" \/>\n<meta property=\"og:type\" content=\"article\" \/>\n<meta property=\"og:title\" content=\"Kedry Skylife\" \/>\n<meta property=\"og:description\" content=\"Das Faltdach unserer Pergola Kedry Skylife hat beweglichen Lamellen, die Licht und Bel\u00fcftung anpassen. Lassen Sie uns unsere Produkte vorstellen!\" \/>\n<meta property=\"og:url\" content=\"https:\/\/www.keoutdoordesign.com\/de-de\/pergolen-gennius\/bioklimatische-lamellendaecher\/kedry-skylife\/\" \/>\n<meta property=\"og:site_name\" content=\"KE Outdoor Design\" \/>\n<meta property=\"article:publisher\" content=\"https:\/\/www.facebook.com\/keoutdoordesign.us\" \/>\n<meta property=\"article:modified_time\" content=\"2026-02-23T14:40:36+00:00\" \/>\n<meta property=\"og:image\" content=\"https:\/\/www.keoutdoordesign.com\/wp-content\/uploads\/2025\/10\/KE-RED_B-5.jpg\" \/>\n\t<meta property=\"og:image:width\" content=\"1920\" \/>\n\t<meta property=\"og:image:height\" content=\"1192\" \/>\n\t<meta property=\"og:image:type\" content=\"image\/jpeg\" \/>\n<meta name=\"twitter:card\" content=\"summary_large_image\" \/>\n<meta name=\"twitter:site\" content=\"@keoutdoordesign\" \/>\n<script type=\"application\/ld+json\" class=\"yoast-schema-graph\">{\"@context\":\"https:\/\/schema.org\",\"@graph\":[{\"@type\":\"WebPage\",\"@id\":\"https:\/\/www.keoutdoordesign.com\/de-de\/pergolen-gennius\/bioklimatische-lamellendaecher\/kedry-skylife\/\",\"url\":\"https:\/\/www.keoutdoordesign.com\/de-de\/pergolen-gennius\/bioklimatische-lamellendaecher\/kedry-skylife\/\",\"name\":\"Bioklimatische Pergolen - Kedry Skylife | KE Outdoor Design\",\"isPartOf\":{\"@id\":\"https:\/\/www.keoutdoordesign.com\/it-it\/#website\"},\"primaryImageOfPage\":{\"@id\":\"https:\/\/www.keoutdoordesign.com\/de-de\/pergolen-gennius\/bioklimatische-lamellendaecher\/kedry-skylife\/#primaryimage\"},\"image\":{\"@id\":\"https:\/\/www.keoutdoordesign.com\/de-de\/pergolen-gennius\/bioklimatische-lamellendaecher\/kedry-skylife\/#primaryimage\"},\"thumbnailUrl\":\"https:\/\/www.keoutdoordesign.com\/wp-content\/uploads\/2025\/10\/KE-RED_B-5.jpg\",\"datePublished\":\"2021-01-26T16:18:36+00:00\",\"dateModified\":\"2026-02-23T14:40:36+00:00\",\"description\":\"Das Faltdach unserer Pergola Kedry Skylife hat beweglichen Lamellen, die Licht und Bel\u00fcftung anpassen. Lassen Sie uns unsere Produkte vorstellen!\",\"breadcrumb\":{\"@id\":\"https:\/\/www.keoutdoordesign.com\/de-de\/pergolen-gennius\/bioklimatische-lamellendaecher\/kedry-skylife\/#breadcrumb\"},\"inLanguage\":\"de\",\"potentialAction\":[{\"@type\":\"ReadAction\",\"target\":[\"https:\/\/www.keoutdoordesign.com\/de-de\/pergolen-gennius\/bioklimatische-lamellendaecher\/kedry-skylife\/\"]}]},{\"@type\":\"ImageObject\",\"inLanguage\":\"de\",\"@id\":\"https:\/\/www.keoutdoordesign.com\/de-de\/pergolen-gennius\/bioklimatische-lamellendaecher\/kedry-skylife\/#primaryimage\",\"url\":\"https:\/\/www.keoutdoordesign.com\/wp-content\/uploads\/2025\/10\/KE-RED_B-5.jpg\",\"contentUrl\":\"https:\/\/www.keoutdoordesign.com\/wp-content\/uploads\/2025\/10\/KE-RED_B-5.jpg\",\"width\":1920,\"height\":1192,\"caption\":\"KE-RED_B\"},{\"@type\":\"BreadcrumbList\",\"@id\":\"https:\/\/www.keoutdoordesign.com\/de-de\/pergolen-gennius\/bioklimatische-lamellendaecher\/kedry-skylife\/#breadcrumb\",\"itemListElement\":[{\"@type\":\"ListItem\",\"position\":1,\"name\":\"Home\",\"item\":\"https:\/\/www.keoutdoordesign.com\/de-de\/\"},{\"@type\":\"ListItem\",\"position\":2,\"name\":\"Pergolen Gennius\",\"item\":\"https:\/\/www.keoutdoordesign.com\/de-de\/pergolen-gennius\/\"},{\"@type\":\"ListItem\",\"position\":3,\"name\":\"Bioklimatische Lamellend\u00e4cher\",\"item\":\"https:\/\/www.keoutdoordesign.com\/de-de\/pergolen-gennius\/bioklimatische-lamellendaecher\/\"},{\"@type\":\"ListItem\",\"position\":4,\"name\":\"Kedry Skylife\"}]},{\"@type\":\"WebSite\",\"@id\":\"https:\/\/www.keoutdoordesign.com\/it-it\/#website\",\"url\":\"https:\/\/www.keoutdoordesign.com\/it-it\/\",\"name\":\"KE Outdoor Design\",\"description\":\"Un nuovo sito targato WordPress\",\"publisher\":{\"@id\":\"https:\/\/www.keoutdoordesign.com\/it-it\/#organization\"},\"potentialAction\":[{\"@type\":\"SearchAction\",\"target\":{\"@type\":\"EntryPoint\",\"urlTemplate\":\"https:\/\/www.keoutdoordesign.com\/it-it\/?s={search_term_string}\"},\"query-input\":{\"@type\":\"PropertyValueSpecification\",\"valueRequired\":true,\"valueName\":\"search_term_string\"}}],\"inLanguage\":\"de\"},{\"@type\":\"Organization\",\"@id\":\"https:\/\/www.keoutdoordesign.com\/it-it\/#organization\",\"name\":\"KE Outdoor Design\",\"url\":\"https:\/\/www.keoutdoordesign.com\/it-it\/\",\"logo\":{\"@type\":\"ImageObject\",\"inLanguage\":\"de\",\"@id\":\"https:\/\/www.keoutdoordesign.com\/it-it\/#\/schema\/logo\/image\/\",\"url\":\"https:\/\/www.keoutdoordesign.com\/wp-content\/uploads\/2020\/02\/KE-logo-Primary-e1591282842174.jpg\",\"contentUrl\":\"https:\/\/www.keoutdoordesign.com\/wp-content\/uploads\/2020\/02\/KE-logo-Primary-e1591282842174.jpg\",\"width\":500,\"height\":396,\"caption\":\"KE Outdoor Design\"},\"image\":{\"@id\":\"https:\/\/www.keoutdoordesign.com\/it-it\/#\/schema\/logo\/image\/\"},\"sameAs\":[\"https:\/\/www.facebook.com\/keoutdoordesign.us\",\"https:\/\/x.com\/keoutdoordesign\",\"https:\/\/www.facebook.com\/keoutdoordesign\",\"https:\/\/www.youtube.com\/channel\/UCSoMQryJpLqD53bAoZLg2Vg\",\"https:\/\/www.pinterest.it\/keoutdoordesign\/\",\"https:\/\/www.instagram.com\/keoutdoordesign\/\",\"https:\/\/www.linkedin.com\/company\/ke-outdoor-design\/\"]}]}<\/script>\n<!-- \/ Yoast SEO Premium plugin. -->","yoast_head_json":{"title":"Bioklimatische Pergolen - Kedry Skylife | KE Outdoor Design","description":"Das Faltdach unserer Pergola Kedry Skylife hat beweglichen Lamellen, die Licht und Bel\u00fcftung anpassen. Lassen Sie uns unsere Produkte vorstellen!","robots":{"index":"index","follow":"follow","max-snippet":"max-snippet:-1","max-image-preview":"max-image-preview:large","max-video-preview":"max-video-preview:-1"},"canonical":"https:\/\/www.keoutdoordesign.com\/de-de\/pergolen-gennius\/bioklimatische-lamellendaecher\/kedry-skylife\/","og_locale":"de_DE","og_type":"article","og_title":"Kedry Skylife","og_description":"Das Faltdach unserer Pergola Kedry Skylife hat beweglichen Lamellen, die Licht und Bel\u00fcftung anpassen. Lassen Sie uns unsere Produkte vorstellen!","og_url":"https:\/\/www.keoutdoordesign.com\/de-de\/pergolen-gennius\/bioklimatische-lamellendaecher\/kedry-skylife\/","og_site_name":"KE Outdoor Design","article_publisher":"https:\/\/www.facebook.com\/keoutdoordesign.us","article_modified_time":"2026-02-23T14:40:36+00:00","og_image":[{"width":1920,"height":1192,"url":"https:\/\/www.keoutdoordesign.com\/wp-content\/uploads\/2025\/10\/KE-RED_B-5.jpg","type":"image\/jpeg"}],"twitter_card":"summary_large_image","twitter_site":"@keoutdoordesign","schema":{"@context":"https:\/\/schema.org","@graph":[{"@type":"WebPage","@id":"https:\/\/www.keoutdoordesign.com\/de-de\/pergolen-gennius\/bioklimatische-lamellendaecher\/kedry-skylife\/","url":"https:\/\/www.keoutdoordesign.com\/de-de\/pergolen-gennius\/bioklimatische-lamellendaecher\/kedry-skylife\/","name":"Bioklimatische Pergolen - Kedry Skylife | KE Outdoor Design","isPartOf":{"@id":"https:\/\/www.keoutdoordesign.com\/it-it\/#website"},"primaryImageOfPage":{"@id":"https:\/\/www.keoutdoordesign.com\/de-de\/pergolen-gennius\/bioklimatische-lamellendaecher\/kedry-skylife\/#primaryimage"},"image":{"@id":"https:\/\/www.keoutdoordesign.com\/de-de\/pergolen-gennius\/bioklimatische-lamellendaecher\/kedry-skylife\/#primaryimage"},"thumbnailUrl":"https:\/\/www.keoutdoordesign.com\/wp-content\/uploads\/2025\/10\/KE-RED_B-5.jpg","datePublished":"2021-01-26T16:18:36+00:00","dateModified":"2026-02-23T14:40:36+00:00","description":"Das Faltdach unserer Pergola Kedry Skylife hat beweglichen Lamellen, die Licht und Bel\u00fcftung anpassen. Lassen Sie uns unsere Produkte vorstellen!","breadcrumb":{"@id":"https:\/\/www.keoutdoordesign.com\/de-de\/pergolen-gennius\/bioklimatische-lamellendaecher\/kedry-skylife\/#breadcrumb"},"inLanguage":"de","potentialAction":[{"@type":"ReadAction","target":["https:\/\/www.keoutdoordesign.com\/de-de\/pergolen-gennius\/bioklimatische-lamellendaecher\/kedry-skylife\/"]}]},{"@type":"ImageObject","inLanguage":"de","@id":"https:\/\/www.keoutdoordesign.com\/de-de\/pergolen-gennius\/bioklimatische-lamellendaecher\/kedry-skylife\/#primaryimage","url":"https:\/\/www.keoutdoordesign.com\/wp-content\/uploads\/2025\/10\/KE-RED_B-5.jpg","contentUrl":"https:\/\/www.keoutdoordesign.com\/wp-content\/uploads\/2025\/10\/KE-RED_B-5.jpg","width":1920,"height":1192,"caption":"KE-RED_B"},{"@type":"BreadcrumbList","@id":"https:\/\/www.keoutdoordesign.com\/de-de\/pergolen-gennius\/bioklimatische-lamellendaecher\/kedry-skylife\/#breadcrumb","itemListElement":[{"@type":"ListItem","position":1,"name":"Home","item":"https:\/\/www.keoutdoordesign.com\/de-de\/"},{"@type":"ListItem","position":2,"name":"Pergolen Gennius","item":"https:\/\/www.keoutdoordesign.com\/de-de\/pergolen-gennius\/"},{"@type":"ListItem","position":3,"name":"Bioklimatische Lamellend\u00e4cher","item":"https:\/\/www.keoutdoordesign.com\/de-de\/pergolen-gennius\/bioklimatische-lamellendaecher\/"},{"@type":"ListItem","position":4,"name":"Kedry Skylife"}]},{"@type":"WebSite","@id":"https:\/\/www.keoutdoordesign.com\/it-it\/#website","url":"https:\/\/www.keoutdoordesign.com\/it-it\/","name":"KE Outdoor Design","description":"Un nuovo sito targato WordPress","publisher":{"@id":"https:\/\/www.keoutdoordesign.com\/it-it\/#organization"},"potentialAction":[{"@type":"SearchAction","target":{"@type":"EntryPoint","urlTemplate":"https:\/\/www.keoutdoordesign.com\/it-it\/?s={search_term_string}"},"query-input":{"@type":"PropertyValueSpecification","valueRequired":true,"valueName":"search_term_string"}}],"inLanguage":"de"},{"@type":"Organization","@id":"https:\/\/www.keoutdoordesign.com\/it-it\/#organization","name":"KE Outdoor Design","url":"https:\/\/www.keoutdoordesign.com\/it-it\/","logo":{"@type":"ImageObject","inLanguage":"de","@id":"https:\/\/www.keoutdoordesign.com\/it-it\/#\/schema\/logo\/image\/","url":"https:\/\/www.keoutdoordesign.com\/wp-content\/uploads\/2020\/02\/KE-logo-Primary-e1591282842174.jpg","contentUrl":"https:\/\/www.keoutdoordesign.com\/wp-content\/uploads\/2020\/02\/KE-logo-Primary-e1591282842174.jpg","width":500,"height":396,"caption":"KE Outdoor Design"},"image":{"@id":"https:\/\/www.keoutdoordesign.com\/it-it\/#\/schema\/logo\/image\/"},"sameAs":["https:\/\/www.facebook.com\/keoutdoordesign.us","https:\/\/x.com\/keoutdoordesign","https:\/\/www.facebook.com\/keoutdoordesign","https:\/\/www.youtube.com\/channel\/UCSoMQryJpLqD53bAoZLg2Vg","https:\/\/www.pinterest.it\/keoutdoordesign\/","https:\/\/www.instagram.com\/keoutdoordesign\/","https:\/\/www.linkedin.com\/company\/ke-outdoor-design\/"]}]}},"_links":{"self":[{"href":"https:\/\/www.keoutdoordesign.com\/de-de\/wp-json\/wp\/v2\/pages\/27295","targetHints":{"allow":["GET"]}}],"collection":[{"href":"https:\/\/www.keoutdoordesign.com\/de-de\/wp-json\/wp\/v2\/pages"}],"about":[{"href":"https:\/\/www.keoutdoordesign.com\/de-de\/wp-json\/wp\/v2\/types\/page"}],"author":[{"embeddable":true,"href":"https:\/\/www.keoutdoordesign.com\/de-de\/wp-json\/wp\/v2\/users\/10608"}],"replies":[{"embeddable":true,"href":"https:\/\/www.keoutdoordesign.com\/de-de\/wp-json\/wp\/v2\/comments?post=27295"}],"version-history":[{"count":30,"href":"https:\/\/www.keoutdoordesign.com\/de-de\/wp-json\/wp\/v2\/pages\/27295\/revisions"}],"predecessor-version":[{"id":119112,"href":"https:\/\/www.keoutdoordesign.com\/de-de\/wp-json\/wp\/v2\/pages\/27295\/revisions\/119112"}],"up":[{"embeddable":true,"href":"https:\/\/www.keoutdoordesign.com\/de-de\/wp-json\/wp\/v2\/pages\/5004"}],"wp:featuredmedia":[{"embeddable":true,"href":"https:\/\/www.keoutdoordesign.com\/de-de\/wp-json\/wp\/v2\/media\/113397"}],"wp:attachment":[{"href":"https:\/\/www.keoutdoordesign.com\/de-de\/wp-json\/wp\/v2\/media?parent=27295"}],"curies":[{"name":"wp","href":"https:\/\/api.w.org\/{rel}","templated":true}]}}