{"id":12490,"date":"2019-07-23T09:24:37","date_gmt":"2019-07-23T07:24:37","guid":{"rendered":"https:\/\/www.keoutdoordesign.com\/?page_id=12490"},"modified":"2022-02-03T17:05:00","modified_gmt":"2022-02-03T16:05:00","slug":"zubehor","status":"publish","type":"page","link":"https:\/\/www.keoutdoordesign.com\/de-de\/pergolen-gennius\/zubehor\/","title":{"rendered":"Zubeh\u00f6r"},"content":{"rendered":"<p>Wir konzipieren Projekte, mit denen Sie das Wohlbefinden des Lebens im Freien voll und ganz genie\u00dfen k\u00f6nnen, deshalb bieten wir Ihnen dazu eine Reihe von <strong>Zubeh\u00f6r f\u00fcr Pergolen, die Ihre Vorstellung von Komfort<\/strong> und Ihrem Outdoor-Design-Projekt <strong>vervollst\u00e4ndigen.<\/strong><\/p>\n<p>Gerne gehen wir auf Ihre Vorstellungen und W\u00fcnsche ein, von der Planung bis zu der Herstellung, damit Sie die perfekte Kombination zwischen In- und Out Door finden k\u00f6nnen. Wir bieten verschiedene <strong>Automatisierungssystemen f\u00fcr Markisen und Pergolen<\/strong>, die mit den fortschrittlichsten Technologien f\u00fcr das Hausautomation verbunden werden k\u00f6nnen und sogar mit akustischen Diffusionssystemen kombinierbar sind. Durch das Einf\u00fcgen von <strong>LED-Lichte und LED-Stripes direkt in die Pergola-Struktur<\/strong> k\u00f6nnen wir ein Produkt mit einem modernen und attraktiven Design anbieten, perfekt passend zu dem Stil ihrer Inneneinrichtung.<\/p>\n<p>Jede Pergola wird zu einer pr\u00e4chtigen Erweiterung Ihres Hauses: mit der Hinzuf\u00fcgung von<strong> Seitenfenstern f\u00fcr Veranden <\/strong>oder von seitlichen <strong>senkrecht Markisen mit Zip-F\u00fchrungssystem<\/strong>, k\u00f6nnen Sie Ihr Outdoor das ganze Jahr \u00fcber, ohne klimatische Einschr\u00e4nkungen, erleben!<\/p>\n","protected":false},"excerpt":{"rendered":"<p>Wir konzipieren Projekte, mit denen Sie das Wohlbefinden des Lebens im Freien voll und ganz genie\u00dfen k\u00f6nnen, deshalb bieten wir&hellip;<\/p>\n","protected":false},"author":10608,"featured_media":11519,"parent":4996,"menu_order":19,"comment_status":"closed","ping_status":"closed","template":"page-templates\/category-products.php","meta":{"_acf_changed":false,"footnotes":""},"class_list":["post-12490","page","type-page","status-publish","has-post-thumbnail","hentry"],"acf":[],"yoast_head":"<!-- This site is optimized with the Yoast SEO Premium plugin v20.12 (Yoast SEO v27.3) - https:\/\/yoast.com\/product\/yoast-seo-premium-wordpress\/ -->\n<title>Beleuchtung f\u00fcr Pergola &amp; Markise - Zubeh\u00f6r - KE Outdoor Design<\/title>\n<meta name=\"description\" content=\"F\u00fcr Pergolen &amp; Markisen steht umfangreiches Zubeh\u00f6r zur Verf\u00fcgung, wie z.B. Automatisierungssysteme, Beleuchtung, senkrechte Elemente und vieles mehr.\" \/>\n<meta name=\"robots\" content=\"index, follow, max-snippet:-1, max-image-preview:large, max-video-preview:-1\" \/>\n<link rel=\"canonical\" href=\"https:\/\/www.keoutdoordesign.com\/de-de\/pergolen-gennius\/zubehor\/\" \/>\n<meta property=\"og:locale\" content=\"de_DE\" \/>\n<meta property=\"og:type\" content=\"article\" \/>\n<meta property=\"og:title\" content=\"Zubeh\u00f6r\" \/>\n<meta property=\"og:description\" content=\"F\u00fcr Pergolen &amp; Markisen steht umfangreiches Zubeh\u00f6r zur Verf\u00fcgung, wie z.B. Automatisierungssysteme, Beleuchtung, senkrechte Elemente und vieles mehr.\" \/>\n<meta property=\"og:url\" content=\"https:\/\/www.keoutdoordesign.com\/de-de\/pergolen-gennius\/zubehor\/\" \/>\n<meta property=\"og:site_name\" content=\"KE Outdoor Design\" \/>\n<meta property=\"article:publisher\" content=\"https:\/\/www.facebook.com\/keoutdoordesign.us\" \/>\n<meta property=\"article:modified_time\" content=\"2022-02-03T16:05:00+00:00\" \/>\n<meta property=\"og:image\" content=\"https:\/\/www.keoutdoordesign.com\/wp-content\/uploads\/2019\/07\/Accessori.jpg\" \/>\n\t<meta property=\"og:image:width\" content=\"1920\" \/>\n\t<meta property=\"og:image:height\" content=\"1500\" \/>\n\t<meta property=\"og:image:type\" content=\"image\/jpeg\" \/>\n<meta name=\"twitter:card\" content=\"summary_large_image\" \/>\n<meta name=\"twitter:site\" content=\"@keoutdoordesign\" \/>\n<script type=\"application\/ld+json\" class=\"yoast-schema-graph\">{\"@context\":\"https:\\\/\\\/schema.org\",\"@graph\":[{\"@type\":\"WebPage\",\"@id\":\"https:\\\/\\\/www.keoutdoordesign.com\\\/de-de\\\/pergolen-gennius\\\/zubehor\\\/\",\"url\":\"https:\\\/\\\/www.keoutdoordesign.com\\\/de-de\\\/pergolen-gennius\\\/zubehor\\\/\",\"name\":\"Beleuchtung f\u00fcr Pergola & Markise - Zubeh\u00f6r - KE Outdoor Design\",\"isPartOf\":{\"@id\":\"https:\\\/\\\/www.keoutdoordesign.com\\\/it-it\\\/#website\"},\"primaryImageOfPage\":{\"@id\":\"https:\\\/\\\/www.keoutdoordesign.com\\\/de-de\\\/pergolen-gennius\\\/zubehor\\\/#primaryimage\"},\"image\":{\"@id\":\"https:\\\/\\\/www.keoutdoordesign.com\\\/de-de\\\/pergolen-gennius\\\/zubehor\\\/#primaryimage\"},\"thumbnailUrl\":\"https:\\\/\\\/www.keoutdoordesign.com\\\/wp-content\\\/uploads\\\/2019\\\/07\\\/Accessori.jpg\",\"datePublished\":\"2019-07-23T07:24:37+00:00\",\"dateModified\":\"2022-02-03T16:05:00+00:00\",\"description\":\"F\u00fcr Pergolen & Markisen steht umfangreiches Zubeh\u00f6r zur Verf\u00fcgung, wie z.B. Automatisierungssysteme, Beleuchtung, senkrechte Elemente und vieles mehr.\",\"breadcrumb\":{\"@id\":\"https:\\\/\\\/www.keoutdoordesign.com\\\/de-de\\\/pergolen-gennius\\\/zubehor\\\/#breadcrumb\"},\"inLanguage\":\"de\",\"potentialAction\":[{\"@type\":\"ReadAction\",\"target\":[\"https:\\\/\\\/www.keoutdoordesign.com\\\/de-de\\\/pergolen-gennius\\\/zubehor\\\/\"]}]},{\"@type\":\"ImageObject\",\"inLanguage\":\"de\",\"@id\":\"https:\\\/\\\/www.keoutdoordesign.com\\\/de-de\\\/pergolen-gennius\\\/zubehor\\\/#primaryimage\",\"url\":\"https:\\\/\\\/www.keoutdoordesign.com\\\/wp-content\\\/uploads\\\/2019\\\/07\\\/Accessori.jpg\",\"contentUrl\":\"https:\\\/\\\/www.keoutdoordesign.com\\\/wp-content\\\/uploads\\\/2019\\\/07\\\/Accessori.jpg\",\"width\":1920,\"height\":1500},{\"@type\":\"BreadcrumbList\",\"@id\":\"https:\\\/\\\/www.keoutdoordesign.com\\\/de-de\\\/pergolen-gennius\\\/zubehor\\\/#breadcrumb\",\"itemListElement\":[{\"@type\":\"ListItem\",\"position\":1,\"name\":\"Home\",\"item\":\"https:\\\/\\\/www.keoutdoordesign.com\\\/de-de\\\/\"},{\"@type\":\"ListItem\",\"position\":2,\"name\":\"Pergolen Gennius\",\"item\":\"https:\\\/\\\/www.keoutdoordesign.com\\\/de-de\\\/pergolen-gennius\\\/\"},{\"@type\":\"ListItem\",\"position\":3,\"name\":\"Zubeh\u00f6r\"}]},{\"@type\":\"WebSite\",\"@id\":\"https:\\\/\\\/www.keoutdoordesign.com\\\/it-it\\\/#website\",\"url\":\"https:\\\/\\\/www.keoutdoordesign.com\\\/it-it\\\/\",\"name\":\"KE Outdoor Design\",\"description\":\"Un nuovo sito targato WordPress\",\"publisher\":{\"@id\":\"https:\\\/\\\/www.keoutdoordesign.com\\\/it-it\\\/#organization\"},\"potentialAction\":[{\"@type\":\"SearchAction\",\"target\":{\"@type\":\"EntryPoint\",\"urlTemplate\":\"https:\\\/\\\/www.keoutdoordesign.com\\\/it-it\\\/?s={search_term_string}\"},\"query-input\":{\"@type\":\"PropertyValueSpecification\",\"valueRequired\":true,\"valueName\":\"search_term_string\"}}],\"inLanguage\":\"de\"},{\"@type\":\"Organization\",\"@id\":\"https:\\\/\\\/www.keoutdoordesign.com\\\/it-it\\\/#organization\",\"name\":\"KE Outdoor Design\",\"url\":\"https:\\\/\\\/www.keoutdoordesign.com\\\/it-it\\\/\",\"logo\":{\"@type\":\"ImageObject\",\"inLanguage\":\"de\",\"@id\":\"https:\\\/\\\/www.keoutdoordesign.com\\\/it-it\\\/#\\\/schema\\\/logo\\\/image\\\/\",\"url\":\"https:\\\/\\\/www.keoutdoordesign.com\\\/wp-content\\\/uploads\\\/2020\\\/02\\\/KE-logo-Primary-e1591282842174.jpg\",\"contentUrl\":\"https:\\\/\\\/www.keoutdoordesign.com\\\/wp-content\\\/uploads\\\/2020\\\/02\\\/KE-logo-Primary-e1591282842174.jpg\",\"width\":500,\"height\":396,\"caption\":\"KE Outdoor Design\"},\"image\":{\"@id\":\"https:\\\/\\\/www.keoutdoordesign.com\\\/it-it\\\/#\\\/schema\\\/logo\\\/image\\\/\"},\"sameAs\":[\"https:\\\/\\\/www.facebook.com\\\/keoutdoordesign.us\",\"https:\\\/\\\/x.com\\\/keoutdoordesign\",\"https:\\\/\\\/www.facebook.com\\\/keoutdoordesign\",\"https:\\\/\\\/www.youtube.com\\\/channel\\\/UCSoMQryJpLqD53bAoZLg2Vg\",\"https:\\\/\\\/www.pinterest.it\\\/keoutdoordesign\\\/\",\"https:\\\/\\\/www.instagram.com\\\/keoutdoordesign\\\/\",\"https:\\\/\\\/www.linkedin.com\\\/company\\\/ke-outdoor-design\\\/\"]}]}<\/script>\n<!-- \/ Yoast SEO Premium plugin. -->","yoast_head_json":{"title":"Beleuchtung f\u00fcr Pergola & Markise - Zubeh\u00f6r - KE Outdoor Design","description":"F\u00fcr Pergolen & Markisen steht umfangreiches Zubeh\u00f6r zur Verf\u00fcgung, wie z.B. Automatisierungssysteme, Beleuchtung, senkrechte Elemente und vieles mehr.","robots":{"index":"index","follow":"follow","max-snippet":"max-snippet:-1","max-image-preview":"max-image-preview:large","max-video-preview":"max-video-preview:-1"},"canonical":"https:\/\/www.keoutdoordesign.com\/de-de\/pergolen-gennius\/zubehor\/","og_locale":"de_DE","og_type":"article","og_title":"Zubeh\u00f6r","og_description":"F\u00fcr Pergolen & Markisen steht umfangreiches Zubeh\u00f6r zur Verf\u00fcgung, wie z.B. Automatisierungssysteme, Beleuchtung, senkrechte Elemente und vieles mehr.","og_url":"https:\/\/www.keoutdoordesign.com\/de-de\/pergolen-gennius\/zubehor\/","og_site_name":"KE Outdoor Design","article_publisher":"https:\/\/www.facebook.com\/keoutdoordesign.us","article_modified_time":"2022-02-03T16:05:00+00:00","og_image":[{"width":1920,"height":1500,"url":"https:\/\/www.keoutdoordesign.com\/wp-content\/uploads\/2019\/07\/Accessori.jpg","type":"image\/jpeg"}],"twitter_card":"summary_large_image","twitter_site":"@keoutdoordesign","schema":{"@context":"https:\/\/schema.org","@graph":[{"@type":"WebPage","@id":"https:\/\/www.keoutdoordesign.com\/de-de\/pergolen-gennius\/zubehor\/","url":"https:\/\/www.keoutdoordesign.com\/de-de\/pergolen-gennius\/zubehor\/","name":"Beleuchtung f\u00fcr Pergola & Markise - Zubeh\u00f6r - KE Outdoor Design","isPartOf":{"@id":"https:\/\/www.keoutdoordesign.com\/it-it\/#website"},"primaryImageOfPage":{"@id":"https:\/\/www.keoutdoordesign.com\/de-de\/pergolen-gennius\/zubehor\/#primaryimage"},"image":{"@id":"https:\/\/www.keoutdoordesign.com\/de-de\/pergolen-gennius\/zubehor\/#primaryimage"},"thumbnailUrl":"https:\/\/www.keoutdoordesign.com\/wp-content\/uploads\/2019\/07\/Accessori.jpg","datePublished":"2019-07-23T07:24:37+00:00","dateModified":"2022-02-03T16:05:00+00:00","description":"F\u00fcr Pergolen & Markisen steht umfangreiches Zubeh\u00f6r zur Verf\u00fcgung, wie z.B. Automatisierungssysteme, Beleuchtung, senkrechte Elemente und vieles mehr.","breadcrumb":{"@id":"https:\/\/www.keoutdoordesign.com\/de-de\/pergolen-gennius\/zubehor\/#breadcrumb"},"inLanguage":"de","potentialAction":[{"@type":"ReadAction","target":["https:\/\/www.keoutdoordesign.com\/de-de\/pergolen-gennius\/zubehor\/"]}]},{"@type":"ImageObject","inLanguage":"de","@id":"https:\/\/www.keoutdoordesign.com\/de-de\/pergolen-gennius\/zubehor\/#primaryimage","url":"https:\/\/www.keoutdoordesign.com\/wp-content\/uploads\/2019\/07\/Accessori.jpg","contentUrl":"https:\/\/www.keoutdoordesign.com\/wp-content\/uploads\/2019\/07\/Accessori.jpg","width":1920,"height":1500},{"@type":"BreadcrumbList","@id":"https:\/\/www.keoutdoordesign.com\/de-de\/pergolen-gennius\/zubehor\/#breadcrumb","itemListElement":[{"@type":"ListItem","position":1,"name":"Home","item":"https:\/\/www.keoutdoordesign.com\/de-de\/"},{"@type":"ListItem","position":2,"name":"Pergolen Gennius","item":"https:\/\/www.keoutdoordesign.com\/de-de\/pergolen-gennius\/"},{"@type":"ListItem","position":3,"name":"Zubeh\u00f6r"}]},{"@type":"WebSite","@id":"https:\/\/www.keoutdoordesign.com\/it-it\/#website","url":"https:\/\/www.keoutdoordesign.com\/it-it\/","name":"KE Outdoor Design","description":"Un nuovo sito targato WordPress","publisher":{"@id":"https:\/\/www.keoutdoordesign.com\/it-it\/#organization"},"potentialAction":[{"@type":"SearchAction","target":{"@type":"EntryPoint","urlTemplate":"https:\/\/www.keoutdoordesign.com\/it-it\/?s={search_term_string}"},"query-input":{"@type":"PropertyValueSpecification","valueRequired":true,"valueName":"search_term_string"}}],"inLanguage":"de"},{"@type":"Organization","@id":"https:\/\/www.keoutdoordesign.com\/it-it\/#organization","name":"KE Outdoor Design","url":"https:\/\/www.keoutdoordesign.com\/it-it\/","logo":{"@type":"ImageObject","inLanguage":"de","@id":"https:\/\/www.keoutdoordesign.com\/it-it\/#\/schema\/logo\/image\/","url":"https:\/\/www.keoutdoordesign.com\/wp-content\/uploads\/2020\/02\/KE-logo-Primary-e1591282842174.jpg","contentUrl":"https:\/\/www.keoutdoordesign.com\/wp-content\/uploads\/2020\/02\/KE-logo-Primary-e1591282842174.jpg","width":500,"height":396,"caption":"KE Outdoor Design"},"image":{"@id":"https:\/\/www.keoutdoordesign.com\/it-it\/#\/schema\/logo\/image\/"},"sameAs":["https:\/\/www.facebook.com\/keoutdoordesign.us","https:\/\/x.com\/keoutdoordesign","https:\/\/www.facebook.com\/keoutdoordesign","https:\/\/www.youtube.com\/channel\/UCSoMQryJpLqD53bAoZLg2Vg","https:\/\/www.pinterest.it\/keoutdoordesign\/","https:\/\/www.instagram.com\/keoutdoordesign\/","https:\/\/www.linkedin.com\/company\/ke-outdoor-design\/"]}]}},"_links":{"self":[{"href":"https:\/\/www.keoutdoordesign.com\/de-de\/wp-json\/wp\/v2\/pages\/12490","targetHints":{"allow":["GET"]}}],"collection":[{"href":"https:\/\/www.keoutdoordesign.com\/de-de\/wp-json\/wp\/v2\/pages"}],"about":[{"href":"https:\/\/www.keoutdoordesign.com\/de-de\/wp-json\/wp\/v2\/types\/page"}],"author":[{"embeddable":true,"href":"https:\/\/www.keoutdoordesign.com\/de-de\/wp-json\/wp\/v2\/users\/10608"}],"replies":[{"embeddable":true,"href":"https:\/\/www.keoutdoordesign.com\/de-de\/wp-json\/wp\/v2\/comments?post=12490"}],"version-history":[{"count":2,"href":"https:\/\/www.keoutdoordesign.com\/de-de\/wp-json\/wp\/v2\/pages\/12490\/revisions"}],"predecessor-version":[{"id":28361,"href":"https:\/\/www.keoutdoordesign.com\/de-de\/wp-json\/wp\/v2\/pages\/12490\/revisions\/28361"}],"up":[{"embeddable":true,"href":"https:\/\/www.keoutdoordesign.com\/de-de\/wp-json\/wp\/v2\/pages\/4996"}],"wp:featuredmedia":[{"embeddable":true,"href":"https:\/\/www.keoutdoordesign.com\/de-de\/wp-json\/wp\/v2\/media\/11519"}],"wp:attachment":[{"href":"https:\/\/www.keoutdoordesign.com\/de-de\/wp-json\/wp\/v2\/media?parent=12490"}],"curies":[{"name":"wp","href":"https:\/\/api.w.org\/{rel}","templated":true}]}}