{"id":120600,"date":"2026-03-26T10:16:57","date_gmt":"2026-03-26T09:16:57","guid":{"rendered":"https:\/\/www.keoutdoordesign.com\/?page_id=120600"},"modified":"2026-03-31T10:18:10","modified_gmt":"2026-03-31T08:18:10","slug":"kedry-neos","status":"publish","type":"page","link":"https:\/\/www.keoutdoordesign.com\/de-de\/pergolen-gennius\/bioklimatische-lamellendaecher\/kedry-neos\/","title":{"rendered":"Kedry Neos"},"content":{"rendered":"<p>Kedry Neos er\u00f6ffnet eine neue Dimension, in der sich das technologische Profil durch unsichtbare, aber \u00e4u\u00dferst effektive Ingenieurskunst auszeichnet, beginnend mit dem innovativen Entw\u00e4sserungssystem: Eine Dachrinne mit hochdichten Dichtungen leitet das Wasser direkt in die in die S\u00e4ulen integrierten Fallrohre und bewahrt die saubere \u00c4sthetik der Struktur. Diese Detailgenauigkeit geht Hand in Hand mit einer Modularit\u00e4t, die es Kedry Neos erm\u00f6glicht, sich jeder planerischen Anforderung anzupassen \u2013 sowohl freistehend als auch an die Wand angebaut \u2013 mit Abmessungen bis zu 450&#215;600 cm pro Modul, bei gleichzeitiger M\u00f6glichkeit, mehrere Einheiten zu kombinieren, um gr\u00f6\u00dfere Fl\u00e4chen abzudecken. F\u00fcr ein umfassendes Wohlf\u00fchlerlebnis integriert <strong>das elegante System dimmbare LED-Leuchten in die Rinnenprofile<\/strong>, die eine Steuerung der Lichtintensit\u00e4t erm\u00f6glichen und den Raum zu jeder Tages- und Nachtzeit in eine einladende Umgebung verwandeln.<\/p>\n<p>Um eine zunehmend ma\u00dfgeschneiderte Outdoor-Vision zu vervollst\u00e4ndigen, kann Kedry Neos mit <strong>neuen Sonnenschutzlamellen<\/strong> ausgestattet werden, die als echtes Einrichtungselement konzipiert sind. Sie erm\u00f6glichen eine elegante Lichtmodulation, gew\u00e4hrleisten Privatsph\u00e4re und schaffen einen anspruchsvollen \u00e4sthetischen Dialog mit der umgebenden Architektur. F\u00fcr vollst\u00e4ndigen Sonnenschutz kann die Struktur mit Perimeter-Verschl\u00fcssen wie <strong>Line Glass<\/strong>-Verglasungen, <strong>Vertika<\/strong>-Vertikalscreens und Vorh\u00e4ngen ausgestattet werden.<\/p>\n","protected":false},"excerpt":{"rendered":"<p>Kedry Neos er\u00f6ffnet eine neue Dimension, in der sich das technologische Profil durch unsichtbare, aber \u00e4u\u00dferst effektive Ingenieurskunst auszeichnet, beginnend&hellip;<\/p>\n","protected":false},"author":10407,"featured_media":120661,"parent":5004,"menu_order":0,"comment_status":"closed","ping_status":"closed","template":"page-templates\/product.php","meta":{"_acf_changed":false,"footnotes":""},"class_list":["post-120600","page","type-page","status-publish","has-post-thumbnail","hentry"],"acf":[],"yoast_head":"<!-- This site is optimized with the Yoast SEO Premium plugin v20.12 (Yoast SEO v27.4) - https:\/\/yoast.com\/product\/yoast-seo-premium-wordpress\/ -->\n<title>Bioklimatische Pergolen - Kedry Neos | KE Outdoor Design<\/title>\n<meta name=\"description\" content=\"Selbsttragende Pergolamarkise aus Aluminium mit verstellbaren Lamellen, bestehend aus einem umlaufenden St\u00fctzbalken und angebrachten Rinnen, die das Wasser abflie\u00dfen lassen. Die Bewegung wird von Rohrmotoren angetrieben.\" \/>\n<meta name=\"robots\" content=\"index, follow, max-snippet:-1, max-image-preview:large, max-video-preview:-1\" \/>\n<link rel=\"canonical\" href=\"https:\/\/www.keoutdoordesign.com\/de-de\/pergolen-gennius\/bioklimatische-lamellendaecher\/kedry-neos\/\" \/>\n<meta property=\"og:locale\" content=\"de_DE\" \/>\n<meta property=\"og:type\" content=\"article\" \/>\n<meta property=\"og:title\" content=\"Kedry Neos\" \/>\n<meta property=\"og:description\" content=\"Selbsttragende Pergolamarkise aus Aluminium mit verstellbaren Lamellen, bestehend aus einem umlaufenden St\u00fctzbalken und angebrachten Rinnen, die das Wasser abflie\u00dfen lassen. Die Bewegung wird von Rohrmotoren angetrieben.\" \/>\n<meta property=\"og:url\" content=\"https:\/\/www.keoutdoordesign.com\/de-de\/pergolen-gennius\/bioklimatische-lamellendaecher\/kedry-neos\/\" \/>\n<meta property=\"og:site_name\" content=\"KE Outdoor Design\" \/>\n<meta property=\"article:publisher\" content=\"https:\/\/www.facebook.com\/keoutdoordesign.us\" \/>\n<meta property=\"article:modified_time\" content=\"2026-03-31T08:18:10+00:00\" \/>\n<meta property=\"og:image\" content=\"https:\/\/www.keoutdoordesign.com\/wp-content\/uploads\/2026\/03\/KEDRY-NEOS_AUTOPORTANTE-SINGOLA_VISTA-GENERALE_ALTA_02.jpg\" \/>\n\t<meta property=\"og:image:width\" content=\"1920\" \/>\n\t<meta property=\"og:image:height\" content=\"1358\" \/>\n\t<meta property=\"og:image:type\" content=\"image\/jpeg\" \/>\n<meta name=\"twitter:card\" content=\"summary_large_image\" \/>\n<meta name=\"twitter:site\" content=\"@keoutdoordesign\" \/>\n<script type=\"application\/ld+json\" class=\"yoast-schema-graph\">{\"@context\":\"https:\\\/\\\/schema.org\",\"@graph\":[{\"@type\":\"WebPage\",\"@id\":\"https:\\\/\\\/www.keoutdoordesign.com\\\/de-de\\\/pergolen-gennius\\\/bioklimatische-lamellendaecher\\\/kedry-neos\\\/\",\"url\":\"https:\\\/\\\/www.keoutdoordesign.com\\\/de-de\\\/pergolen-gennius\\\/bioklimatische-lamellendaecher\\\/kedry-neos\\\/\",\"name\":\"Bioklimatische Pergolen - Kedry Neos | KE Outdoor Design\",\"isPartOf\":{\"@id\":\"https:\\\/\\\/www.keoutdoordesign.com\\\/it-it\\\/#website\"},\"primaryImageOfPage\":{\"@id\":\"https:\\\/\\\/www.keoutdoordesign.com\\\/de-de\\\/pergolen-gennius\\\/bioklimatische-lamellendaecher\\\/kedry-neos\\\/#primaryimage\"},\"image\":{\"@id\":\"https:\\\/\\\/www.keoutdoordesign.com\\\/de-de\\\/pergolen-gennius\\\/bioklimatische-lamellendaecher\\\/kedry-neos\\\/#primaryimage\"},\"thumbnailUrl\":\"https:\\\/\\\/www.keoutdoordesign.com\\\/wp-content\\\/uploads\\\/2026\\\/03\\\/KEDRY-NEOS_AUTOPORTANTE-SINGOLA_VISTA-GENERALE_ALTA_02.jpg\",\"datePublished\":\"2026-03-26T09:16:57+00:00\",\"dateModified\":\"2026-03-31T08:18:10+00:00\",\"description\":\"Selbsttragende Pergolamarkise aus Aluminium mit verstellbaren Lamellen, bestehend aus einem umlaufenden St\u00fctzbalken und angebrachten Rinnen, die das Wasser abflie\u00dfen lassen. Die Bewegung wird von Rohrmotoren angetrieben.\",\"breadcrumb\":{\"@id\":\"https:\\\/\\\/www.keoutdoordesign.com\\\/de-de\\\/pergolen-gennius\\\/bioklimatische-lamellendaecher\\\/kedry-neos\\\/#breadcrumb\"},\"inLanguage\":\"de\",\"potentialAction\":[{\"@type\":\"ReadAction\",\"target\":[\"https:\\\/\\\/www.keoutdoordesign.com\\\/de-de\\\/pergolen-gennius\\\/bioklimatische-lamellendaecher\\\/kedry-neos\\\/\"]}]},{\"@type\":\"ImageObject\",\"inLanguage\":\"de\",\"@id\":\"https:\\\/\\\/www.keoutdoordesign.com\\\/de-de\\\/pergolen-gennius\\\/bioklimatische-lamellendaecher\\\/kedry-neos\\\/#primaryimage\",\"url\":\"https:\\\/\\\/www.keoutdoordesign.com\\\/wp-content\\\/uploads\\\/2026\\\/03\\\/KEDRY-NEOS_AUTOPORTANTE-SINGOLA_VISTA-GENERALE_ALTA_02.jpg\",\"contentUrl\":\"https:\\\/\\\/www.keoutdoordesign.com\\\/wp-content\\\/uploads\\\/2026\\\/03\\\/KEDRY-NEOS_AUTOPORTANTE-SINGOLA_VISTA-GENERALE_ALTA_02.jpg\",\"width\":1920,\"height\":1358},{\"@type\":\"BreadcrumbList\",\"@id\":\"https:\\\/\\\/www.keoutdoordesign.com\\\/de-de\\\/pergolen-gennius\\\/bioklimatische-lamellendaecher\\\/kedry-neos\\\/#breadcrumb\",\"itemListElement\":[{\"@type\":\"ListItem\",\"position\":1,\"name\":\"Home\",\"item\":\"https:\\\/\\\/www.keoutdoordesign.com\\\/de-de\\\/\"},{\"@type\":\"ListItem\",\"position\":2,\"name\":\"Pergolen Gennius\",\"item\":\"https:\\\/\\\/www.keoutdoordesign.com\\\/de-de\\\/pergolen-gennius\\\/\"},{\"@type\":\"ListItem\",\"position\":3,\"name\":\"Bioklimatische Lamellend\u00e4cher\",\"item\":\"https:\\\/\\\/www.keoutdoordesign.com\\\/de-de\\\/pergolen-gennius\\\/bioklimatische-lamellendaecher\\\/\"},{\"@type\":\"ListItem\",\"position\":4,\"name\":\"Kedry Neos\"}]},{\"@type\":\"WebSite\",\"@id\":\"https:\\\/\\\/www.keoutdoordesign.com\\\/it-it\\\/#website\",\"url\":\"https:\\\/\\\/www.keoutdoordesign.com\\\/it-it\\\/\",\"name\":\"KE Outdoor Design\",\"description\":\"Un nuovo sito targato WordPress\",\"publisher\":{\"@id\":\"https:\\\/\\\/www.keoutdoordesign.com\\\/it-it\\\/#organization\"},\"potentialAction\":[{\"@type\":\"SearchAction\",\"target\":{\"@type\":\"EntryPoint\",\"urlTemplate\":\"https:\\\/\\\/www.keoutdoordesign.com\\\/it-it\\\/?s={search_term_string}\"},\"query-input\":{\"@type\":\"PropertyValueSpecification\",\"valueRequired\":true,\"valueName\":\"search_term_string\"}}],\"inLanguage\":\"de\"},{\"@type\":\"Organization\",\"@id\":\"https:\\\/\\\/www.keoutdoordesign.com\\\/it-it\\\/#organization\",\"name\":\"KE Outdoor Design\",\"url\":\"https:\\\/\\\/www.keoutdoordesign.com\\\/it-it\\\/\",\"logo\":{\"@type\":\"ImageObject\",\"inLanguage\":\"de\",\"@id\":\"https:\\\/\\\/www.keoutdoordesign.com\\\/it-it\\\/#\\\/schema\\\/logo\\\/image\\\/\",\"url\":\"https:\\\/\\\/www.keoutdoordesign.com\\\/wp-content\\\/uploads\\\/2020\\\/02\\\/KE-logo-Primary-e1591282842174.jpg\",\"contentUrl\":\"https:\\\/\\\/www.keoutdoordesign.com\\\/wp-content\\\/uploads\\\/2020\\\/02\\\/KE-logo-Primary-e1591282842174.jpg\",\"width\":500,\"height\":396,\"caption\":\"KE Outdoor Design\"},\"image\":{\"@id\":\"https:\\\/\\\/www.keoutdoordesign.com\\\/it-it\\\/#\\\/schema\\\/logo\\\/image\\\/\"},\"sameAs\":[\"https:\\\/\\\/www.facebook.com\\\/keoutdoordesign.us\",\"https:\\\/\\\/x.com\\\/keoutdoordesign\",\"https:\\\/\\\/www.facebook.com\\\/keoutdoordesign\",\"https:\\\/\\\/www.youtube.com\\\/channel\\\/UCSoMQryJpLqD53bAoZLg2Vg\",\"https:\\\/\\\/www.pinterest.it\\\/keoutdoordesign\\\/\",\"https:\\\/\\\/www.instagram.com\\\/keoutdoordesign\\\/\",\"https:\\\/\\\/www.linkedin.com\\\/company\\\/ke-outdoor-design\\\/\"]}]}<\/script>\n<!-- \/ Yoast SEO Premium plugin. -->","yoast_head_json":{"title":"Bioklimatische Pergolen - Kedry Neos | KE Outdoor Design","description":"Selbsttragende Pergolamarkise aus Aluminium mit verstellbaren Lamellen, bestehend aus einem umlaufenden St\u00fctzbalken und angebrachten Rinnen, die das Wasser abflie\u00dfen lassen. Die Bewegung wird von Rohrmotoren angetrieben.","robots":{"index":"index","follow":"follow","max-snippet":"max-snippet:-1","max-image-preview":"max-image-preview:large","max-video-preview":"max-video-preview:-1"},"canonical":"https:\/\/www.keoutdoordesign.com\/de-de\/pergolen-gennius\/bioklimatische-lamellendaecher\/kedry-neos\/","og_locale":"de_DE","og_type":"article","og_title":"Kedry Neos","og_description":"Selbsttragende Pergolamarkise aus Aluminium mit verstellbaren Lamellen, bestehend aus einem umlaufenden St\u00fctzbalken und angebrachten Rinnen, die das Wasser abflie\u00dfen lassen. Die Bewegung wird von Rohrmotoren angetrieben.","og_url":"https:\/\/www.keoutdoordesign.com\/de-de\/pergolen-gennius\/bioklimatische-lamellendaecher\/kedry-neos\/","og_site_name":"KE Outdoor Design","article_publisher":"https:\/\/www.facebook.com\/keoutdoordesign.us","article_modified_time":"2026-03-31T08:18:10+00:00","og_image":[{"width":1920,"height":1358,"url":"https:\/\/www.keoutdoordesign.com\/wp-content\/uploads\/2026\/03\/KEDRY-NEOS_AUTOPORTANTE-SINGOLA_VISTA-GENERALE_ALTA_02.jpg","type":"image\/jpeg"}],"twitter_card":"summary_large_image","twitter_site":"@keoutdoordesign","schema":{"@context":"https:\/\/schema.org","@graph":[{"@type":"WebPage","@id":"https:\/\/www.keoutdoordesign.com\/de-de\/pergolen-gennius\/bioklimatische-lamellendaecher\/kedry-neos\/","url":"https:\/\/www.keoutdoordesign.com\/de-de\/pergolen-gennius\/bioklimatische-lamellendaecher\/kedry-neos\/","name":"Bioklimatische Pergolen - Kedry Neos | KE Outdoor Design","isPartOf":{"@id":"https:\/\/www.keoutdoordesign.com\/it-it\/#website"},"primaryImageOfPage":{"@id":"https:\/\/www.keoutdoordesign.com\/de-de\/pergolen-gennius\/bioklimatische-lamellendaecher\/kedry-neos\/#primaryimage"},"image":{"@id":"https:\/\/www.keoutdoordesign.com\/de-de\/pergolen-gennius\/bioklimatische-lamellendaecher\/kedry-neos\/#primaryimage"},"thumbnailUrl":"https:\/\/www.keoutdoordesign.com\/wp-content\/uploads\/2026\/03\/KEDRY-NEOS_AUTOPORTANTE-SINGOLA_VISTA-GENERALE_ALTA_02.jpg","datePublished":"2026-03-26T09:16:57+00:00","dateModified":"2026-03-31T08:18:10+00:00","description":"Selbsttragende Pergolamarkise aus Aluminium mit verstellbaren Lamellen, bestehend aus einem umlaufenden St\u00fctzbalken und angebrachten Rinnen, die das Wasser abflie\u00dfen lassen. Die Bewegung wird von Rohrmotoren angetrieben.","breadcrumb":{"@id":"https:\/\/www.keoutdoordesign.com\/de-de\/pergolen-gennius\/bioklimatische-lamellendaecher\/kedry-neos\/#breadcrumb"},"inLanguage":"de","potentialAction":[{"@type":"ReadAction","target":["https:\/\/www.keoutdoordesign.com\/de-de\/pergolen-gennius\/bioklimatische-lamellendaecher\/kedry-neos\/"]}]},{"@type":"ImageObject","inLanguage":"de","@id":"https:\/\/www.keoutdoordesign.com\/de-de\/pergolen-gennius\/bioklimatische-lamellendaecher\/kedry-neos\/#primaryimage","url":"https:\/\/www.keoutdoordesign.com\/wp-content\/uploads\/2026\/03\/KEDRY-NEOS_AUTOPORTANTE-SINGOLA_VISTA-GENERALE_ALTA_02.jpg","contentUrl":"https:\/\/www.keoutdoordesign.com\/wp-content\/uploads\/2026\/03\/KEDRY-NEOS_AUTOPORTANTE-SINGOLA_VISTA-GENERALE_ALTA_02.jpg","width":1920,"height":1358},{"@type":"BreadcrumbList","@id":"https:\/\/www.keoutdoordesign.com\/de-de\/pergolen-gennius\/bioklimatische-lamellendaecher\/kedry-neos\/#breadcrumb","itemListElement":[{"@type":"ListItem","position":1,"name":"Home","item":"https:\/\/www.keoutdoordesign.com\/de-de\/"},{"@type":"ListItem","position":2,"name":"Pergolen Gennius","item":"https:\/\/www.keoutdoordesign.com\/de-de\/pergolen-gennius\/"},{"@type":"ListItem","position":3,"name":"Bioklimatische Lamellend\u00e4cher","item":"https:\/\/www.keoutdoordesign.com\/de-de\/pergolen-gennius\/bioklimatische-lamellendaecher\/"},{"@type":"ListItem","position":4,"name":"Kedry Neos"}]},{"@type":"WebSite","@id":"https:\/\/www.keoutdoordesign.com\/it-it\/#website","url":"https:\/\/www.keoutdoordesign.com\/it-it\/","name":"KE Outdoor Design","description":"Un nuovo sito targato WordPress","publisher":{"@id":"https:\/\/www.keoutdoordesign.com\/it-it\/#organization"},"potentialAction":[{"@type":"SearchAction","target":{"@type":"EntryPoint","urlTemplate":"https:\/\/www.keoutdoordesign.com\/it-it\/?s={search_term_string}"},"query-input":{"@type":"PropertyValueSpecification","valueRequired":true,"valueName":"search_term_string"}}],"inLanguage":"de"},{"@type":"Organization","@id":"https:\/\/www.keoutdoordesign.com\/it-it\/#organization","name":"KE Outdoor Design","url":"https:\/\/www.keoutdoordesign.com\/it-it\/","logo":{"@type":"ImageObject","inLanguage":"de","@id":"https:\/\/www.keoutdoordesign.com\/it-it\/#\/schema\/logo\/image\/","url":"https:\/\/www.keoutdoordesign.com\/wp-content\/uploads\/2020\/02\/KE-logo-Primary-e1591282842174.jpg","contentUrl":"https:\/\/www.keoutdoordesign.com\/wp-content\/uploads\/2020\/02\/KE-logo-Primary-e1591282842174.jpg","width":500,"height":396,"caption":"KE Outdoor Design"},"image":{"@id":"https:\/\/www.keoutdoordesign.com\/it-it\/#\/schema\/logo\/image\/"},"sameAs":["https:\/\/www.facebook.com\/keoutdoordesign.us","https:\/\/x.com\/keoutdoordesign","https:\/\/www.facebook.com\/keoutdoordesign","https:\/\/www.youtube.com\/channel\/UCSoMQryJpLqD53bAoZLg2Vg","https:\/\/www.pinterest.it\/keoutdoordesign\/","https:\/\/www.instagram.com\/keoutdoordesign\/","https:\/\/www.linkedin.com\/company\/ke-outdoor-design\/"]}]}},"_links":{"self":[{"href":"https:\/\/www.keoutdoordesign.com\/de-de\/wp-json\/wp\/v2\/pages\/120600","targetHints":{"allow":["GET"]}}],"collection":[{"href":"https:\/\/www.keoutdoordesign.com\/de-de\/wp-json\/wp\/v2\/pages"}],"about":[{"href":"https:\/\/www.keoutdoordesign.com\/de-de\/wp-json\/wp\/v2\/types\/page"}],"author":[{"embeddable":true,"href":"https:\/\/www.keoutdoordesign.com\/de-de\/wp-json\/wp\/v2\/users\/10407"}],"replies":[{"embeddable":true,"href":"https:\/\/www.keoutdoordesign.com\/de-de\/wp-json\/wp\/v2\/comments?post=120600"}],"version-history":[{"count":2,"href":"https:\/\/www.keoutdoordesign.com\/de-de\/wp-json\/wp\/v2\/pages\/120600\/revisions"}],"predecessor-version":[{"id":120861,"href":"https:\/\/www.keoutdoordesign.com\/de-de\/wp-json\/wp\/v2\/pages\/120600\/revisions\/120861"}],"up":[{"embeddable":true,"href":"https:\/\/www.keoutdoordesign.com\/de-de\/wp-json\/wp\/v2\/pages\/5004"}],"wp:featuredmedia":[{"embeddable":true,"href":"https:\/\/www.keoutdoordesign.com\/de-de\/wp-json\/wp\/v2\/media\/120661"}],"wp:attachment":[{"href":"https:\/\/www.keoutdoordesign.com\/de-de\/wp-json\/wp\/v2\/media?parent=120600"}],"curies":[{"name":"wp","href":"https:\/\/api.w.org\/{rel}","templated":true}]}}